{"id":54,"date":"2024-03-11T14:01:01","date_gmt":"2024-03-11T14:01:01","guid":{"rendered":"https:\/\/rrobateperdorura.com\/?post_type=product&#038;p=54"},"modified":"2025-07-19T01:34:43","modified_gmt":"2025-07-19T00:34:43","slug":"canta-crema","status":"publish","type":"product","link":"https:\/\/rrobateperdorura.com\/?product=canta-crema","title":{"rendered":"\u00c7anta Crema"},"content":{"rendered":"<p>\u00c7anta t\u00eb cil\u00ebsis\u00eb Crema me shumic\u00eb. Produktet importohen nga Italia.<\/p>\n","protected":false},"excerpt":{"rendered":"<p>\u00c7anta t\u00eb cil\u00ebsis\u00eb Crema me shumic\u00eb. Produktet importohen nga Italia.<\/p>\n","protected":false},"featured_media":71,"comment_status":"open","ping_status":"closed","template":"","meta":{"_monsterinsights_skip_tracking":false,"_monsterinsights_sitenote_active":false,"_monsterinsights_sitenote_note":"","_monsterinsights_sitenote_category":0,"_themeisle_gutenberg_block_has_review":false},"product_brand":[],"product_cat":[23],"product_tag":[],"class_list":{"0":"post-54","1":"product","2":"type-product","3":"status-publish","4":"has-post-thumbnail","6":"product_cat-canta","8":"first","9":"instock","10":"shipping-taxable","11":"product-type-simple"},"aioseo_notices":[],"jetpack_sharing_enabled":true,"_links":{"self":[{"href":"https:\/\/rrobateperdorura.com\/index.php?rest_route=\/wp\/v2\/product\/54"}],"collection":[{"href":"https:\/\/rrobateperdorura.com\/index.php?rest_route=\/wp\/v2\/product"}],"about":[{"href":"https:\/\/rrobateperdorura.com\/index.php?rest_route=\/wp\/v2\/types\/product"}],"replies":[{"embeddable":true,"href":"https:\/\/rrobateperdorura.com\/index.php?rest_route=%2Fwp%2Fv2%2Fcomments&post=54"}],"wp:featuredmedia":[{"embeddable":true,"href":"https:\/\/rrobateperdorura.com\/index.php?rest_route=\/wp\/v2\/media\/71"}],"wp:attachment":[{"href":"https:\/\/rrobateperdorura.com\/index.php?rest_route=%2Fwp%2Fv2%2Fmedia&parent=54"}],"wp:term":[{"taxonomy":"product_brand","embeddable":true,"href":"https:\/\/rrobateperdorura.com\/index.php?rest_route=%2Fwp%2Fv2%2Fproduct_brand&post=54"},{"taxonomy":"product_cat","embeddable":true,"href":"https:\/\/rrobateperdorura.com\/index.php?rest_route=%2Fwp%2Fv2%2Fproduct_cat&post=54"},{"taxonomy":"product_tag","embeddable":true,"href":"https:\/\/rrobateperdorura.com\/index.php?rest_route=%2Fwp%2Fv2%2Fproduct_tag&post=54"}],"curies":[{"name":"wp","href":"https:\/\/api.w.org\/{rel}","templated":true}]}}