{"id":15,"date":"2024-03-05T14:49:43","date_gmt":"2024-03-05T14:49:43","guid":{"rendered":"https:\/\/rrobateperdorura.com\/?page_id=15"},"modified":"2024-03-11T23:05:31","modified_gmt":"2024-03-11T23:05:31","slug":"rreth-nesh","status":"publish","type":"page","link":"https:\/\/rrobateperdorura.com\/?page_id=15","title":{"rendered":"Rreth nesh"},"content":{"rendered":"<p class=\"has-text-align-left\"> RODEOL \u00ebsht\u00eb nj\u00eb kompani pionere n\u00eb tregun e veshjeve me pesh\u00eb (kg), e themeluar n\u00eb vitin 2008 me q\u00ebllim q\u00eb t\u00eb sjell\u00eb nj\u00eb alternativ\u00eb inovative p\u00ebr blerjen dhe shp\u00ebrndarjen e rrobave me shumic\u00eb (kg). N\u00ebp\u00ebrmjet kombinimit t\u00eb teknologjis\u00eb s\u00eb p\u00ebrparuar dhe angazhimit ndaj trajtimit t\u00eb q\u00ebndruesh\u00ebm t\u00eb veshjeve, RODEOL ofron nj\u00eb p\u00ebrvoj\u00eb blerjeje t\u00eb paz\u00ebvend\u00ebsueshme p\u00ebr klient\u00ebt e saj.<\/p><p class=\"has-text-align-left\">Misioni yn\u00eb n\u00eb RODEOL \u00ebsht\u00eb t\u00eb sjellim nj\u00eb alternativ\u00eb t\u00eb re dhe inovative p\u00ebr tregun e veshjeve, duke kombinuar cil\u00ebsin\u00eb e lart\u00eb me nj\u00eb \u00e7mim t\u00eb arsyesh\u00ebm. Ne jemi t\u00eb p\u00ebrkushtuar ndaj sh\u00ebrbimit t\u00eb klientit dhe respektimit t\u00eb mjedisit, duke promovuar p\u00ebrdorimin e rrobave t\u00eb ricikluara dhe t\u00eb p\u00ebrpunuara n\u00eb m\u00ebnyr\u00eb t\u00eb q\u00ebndrueshme. <\/p><p class=\"has-text-align-left\">N\u00eb RODEOL, ne kujdesemi p\u00ebr \u00e7do detaj p\u00ebr t\u00eb siguruar nj\u00eb eksperienc\u00eb t\u00eb shk\u00eblqyer p\u00ebr klient\u00ebt tan\u00eb. Me nj\u00eb angazhim t\u00eb vazhduesh\u00ebm p\u00ebr inovacionin dhe p\u00ebrmir\u00ebsimin e produktit ton\u00eb, ne vazhdojm\u00eb t\u00eb krijojm\u00eb marr\u00ebdh\u00ebnie t\u00eb q\u00ebndrueshme dhe t\u00eb besueshme me klient\u00ebt tan\u00eb.<\/p><p class=\"has-text-align-left\">Shfleto koleksionin ton\u00eb t\u00eb fundit t\u00eb veshjeve me pesh\u00eb, ju lutemi vizitoni faqen ton\u00eb zyrtare n\u00eb internet. P\u00ebr t\u00eb par\u00eb t\u00eb gjitha produktet <a href=\"https:\/\/rrobateperdorura.com\/?page_id=20\" title=\"klikoni k\u00ebtu\"><strong><span style=\"text-decoration: underline;\">klikoni k\u00ebtu<\/span><\/strong><\/a>.<\/p>","protected":false},"excerpt":{"rendered":"<p>RODEOL \u00ebsht\u00eb nj\u00eb kompani pionere n\u00eb tregun e veshjeve me pesh\u00eb (kg), e themeluar n\u00eb vitin 2008 me q\u00ebllim q\u00eb t\u00eb sjell\u00eb nj\u00eb alternativ\u00eb inovative p\u00ebr blerjen dhe shp\u00ebrndarjen e rrobave me shumic\u00eb (kg). N\u00ebp\u00ebrmjet kombinimit t\u00eb teknologjis\u00eb s\u00eb p\u00ebrparuar dhe angazhimit ndaj trajtimit t\u00eb q\u00ebndruesh\u00ebm t\u00eb veshjeve, RODEOL ofron [&hellip;]<\/p>\n","protected":false},"author":1,"featured_media":0,"parent":0,"menu_order":0,"comment_status":"closed","ping_status":"closed","template":"","meta":{"_monsterinsights_skip_tracking":false,"_monsterinsights_sitenote_active":false,"_monsterinsights_sitenote_note":"","_monsterinsights_sitenote_category":0,"_themeisle_gutenberg_block_has_review":false,"footnotes":""},"class_list":["post-15","page","type-page","status-publish","hentry"],"aioseo_notices":[],"jetpack_sharing_enabled":true,"_links":{"self":[{"href":"https:\/\/rrobateperdorura.com\/index.php?rest_route=\/wp\/v2\/pages\/15"}],"collection":[{"href":"https:\/\/rrobateperdorura.com\/index.php?rest_route=\/wp\/v2\/pages"}],"about":[{"href":"https:\/\/rrobateperdorura.com\/index.php?rest_route=\/wp\/v2\/types\/page"}],"author":[{"embeddable":true,"href":"https:\/\/rrobateperdorura.com\/index.php?rest_route=\/wp\/v2\/users\/1"}],"replies":[{"embeddable":true,"href":"https:\/\/rrobateperdorura.com\/index.php?rest_route=%2Fwp%2Fv2%2Fcomments&post=15"}],"version-history":[{"count":7,"href":"https:\/\/rrobateperdorura.com\/index.php?rest_route=\/wp\/v2\/pages\/15\/revisions"}],"predecessor-version":[{"id":90,"href":"https:\/\/rrobateperdorura.com\/index.php?rest_route=\/wp\/v2\/pages\/15\/revisions\/90"}],"wp:attachment":[{"href":"https:\/\/rrobateperdorura.com\/index.php?rest_route=%2Fwp%2Fv2%2Fmedia&parent=15"}],"curies":[{"name":"wp","href":"https:\/\/api.w.org\/{rel}","templated":true}]}}